{"id":929,"date":"2017-11-22T12:57:39","date_gmt":"2017-11-22T11:57:39","guid":{"rendered":"http:\/\/annenilseng.com\/2017\/?page_id=929"},"modified":"2018-02-06T15:08:17","modified_gmt":"2018-02-06T14:08:17","slug":"cv-og-om-meg","status":"publish","type":"page","link":"https:\/\/annenilseng.com\/?page_id=929","title":{"rendered":"Om meg \/ CV"},"content":{"rendered":"<p><img loading=\"lazy\" decoding=\"async\" class=\"alignnone wp-image-1217 size-large\" src=\"https:\/\/annenilseng.com\/wp-content\/uploads\/2017\/11\/Bergen_0011_Layer-3-1024x224.jpg\" alt=\"\" width=\"1024\" height=\"224\" srcset=\"https:\/\/annenilseng.com\/wp-content\/uploads\/2017\/11\/Bergen_0011_Layer-3-1024x224.jpg 1024w, https:\/\/annenilseng.com\/wp-content\/uploads\/2017\/11\/Bergen_0011_Layer-3-300x66.jpg 300w, https:\/\/annenilseng.com\/wp-content\/uploads\/2017\/11\/Bergen_0011_Layer-3-768x168.jpg 768w, https:\/\/annenilseng.com\/wp-content\/uploads\/2017\/11\/Bergen_0011_Layer-3-100x22.jpg 100w, https:\/\/annenilseng.com\/wp-content\/uploads\/2017\/11\/Bergen_0011_Layer-3-1200x263.jpg 1200w, https:\/\/annenilseng.com\/wp-content\/uploads\/2017\/11\/Bergen_0011_Layer-3.jpg 1214w\" sizes=\"auto, (max-width: 1024px) 100vw, 1024px\" \/><\/p>\n<h2>OM MEG \/ CV<\/h2>\n<p><strong>BARNDOM <\/strong>Jeg er f\u00f8dt p\u00e5 Lillehammer en kald februardag under vinter-OL i Oslo og vokste opp p\u00e5 Suttestadjordet med begge foreldre i full jobb. Mor Marit var regnskapsf\u00f8rer og far Einar, journalist i lokalavisen. Innen jeg var 14 hadde jeg ogs\u00e5 3 yngre s\u00f8stre. Jeg tegnet meg gjennom ungdommen; mye mote og filmstjerner. Tok artium p\u00e5 Lillehammer gymnas p\u00e5 engelsklinje med kunsthistorie og\u00a0tegning. Hadde glimrende kunstfagl\u00e6rere; \u00a0Morten Paulsen var en viktig \u00e5rsak til at jeg kom direkte inn p\u00e5 Bergens Kunsth\u00e5ndverksskole etter gymnaset. Han var fantastisk til \u00e5 f\u00f8lge opp den krevende s\u00f8knaden.<\/p>\n<p><b>UTDANNELSE\u00a0<\/b>Linje for grafisk design; 3 \u00e5r, pluss et 4. diplom\u00e5r \u00e5r p\u00e5\u00a0Bergen Kunsth\u00e5ndverksskole. Beste \u00e5rene jeg har hatt, b\u00e5de jobbmessig og sosialt. De fleste l\u00e6rerne var proffe, vi fikk stor frihet og kunne jobbe p\u00e5 skolen til alle d\u00f8gnets tider. Jeg ble medlem av UKS \/ NBK i 2. klasse og deltok p\u00e5 diverse utstillinger i \u00e5rene p\u00e5 skolen.<\/p>\n<p><b>ART DIRECTOR\u00a0<\/b>Elendig \u00f8konomi da jeg gikk ut av skolen gjorde at b\u00e5de kj\u00e6resten min og jeg var klare for \u00e5 jobbe noen \u00e5r i reklamebransjen for \u00e5 tjene penger. Jobbet som AD i Ervaco Bergen i 3 \u00e5r med fine kunder som Den Nationale Scene, Grieghallen og Harmonien.<\/p>\n<p><b>FLYTTET TIL OSLO <\/b>Ble lei av reklamebransjen og regnv\u00e6ret etter 7 \u00e5r i\u00a0Bergen. Gikk 1 \u00e5r p\u00e5 Statens l\u00e6rerskole i forming, Notodden, i den tro at jeg skulle bli l\u00e6rer p\u00e5 halv tid og kunstner resten av tiden. Det ble jeg aldri. Er ikke t\u00e5lmodig nok!<\/p>\n<p>Flyttet til Oslo med Ole Petter, fikk lille Mats i jula -78. \u00a0Jobbet i flere reklamebyr\u00e5er som Art Director de neste \u00e5rene: Klar Tale, Scaneco og Young &amp; Rubicam. Morsomme og spennende \u00e5r. Jeg vant en rekke priser for godt id\u00e9arbeid og art direction. Men, det var lange dager, mye overtid og min frie, kunstneriske virksomhet l\u00e5 nesten helt brakk fra -83 til -97. I 1989 fikk vi s\u00f8nn nr 2; Jonas.\u00a0I 1994 var jeg en av fire som startet eget reklamebyr\u00e5; Siste Skrik.<\/p>\n<p><b>KUNSTNERISK VIRKSOMHET.<\/b> I 1990-\u00e5rene var internett p\u00e5 full fart inn i medievalget i reklamebransjen. Det betydde feks at kreativitet ikke var s\u00e5 viktig lenger. Jeg gikk lei. Solgte eierandelene mine i byr\u00e5et, gikk ned til 80% jobb. Leide atelier, gikk p\u00e5 malekurs for \u00e5 brushe opp teknikk og \u00f8ye. For kunsten presset p\u00e5! Ble igjen medlem av NBK og jobbet veldig bra med kunsten to dager pr uke fram til 2008.\u00a0Da flyttet vi tilbake til Lillehammer. Fikk atelier p\u00e5 Fabrikken (www.fabrikken.org) og har ikke angret en dag! Driver vekselbruk der med oppdrag innen grafisk design og som billedkunster.<\/p>\n<p>Pr. 2017 har jeg bedre tid og bedre r\u00e5d til \u00e5 jobbe bare kunstnerisk. Jobber best n\u00e5r jeg har en deadline \u00e5 forholde meg til, en utstillings\u00e5pning i sikte! Men kampen om utstillingsplassene er t\u00f8ff. Jeg fikk flere avslag p\u00e5 s\u00f8knader i \u00e5ret som gikk. S\u00f8kte feks LNM for 2019, fikk avslag som 1 av over 160 s\u00f8kere.\u00a0Men, jeg gir ikke opp. Tvertimot. Sender stadig nye s\u00f8knader. Det hadde feks v\u00e6rt veldig stas \u00e5 f\u00e5 stille ut i Bergen!<\/p>\n<p>&nbsp;<\/p>\n<p><a href=\"https:\/\/annenilseng.com\/?page_id=1048\"><b><button>CV<\/button><\/b><\/a><\/p>\n","protected":false},"excerpt":{"rendered":"<p>OM MEG \/ CV BARNDOM Jeg er f\u00f8dt p\u00e5 Lillehammer en kald februardag under vinter-OL i Oslo og vokste opp p\u00e5 Suttestadjordet med begge foreldre i full jobb. Mor Marit var regnskapsf\u00f8rer og far Einar, journalist i lokalavisen. Innen jeg var 14 hadde jeg ogs\u00e5 3 yngre s\u00f8stre. Jeg tegnet meg gjennom ungdommen; mye mote og filmstjerner. Tok artium p\u00e5 &#8230; <\/p>\n<div><a href=\"https:\/\/annenilseng.com\/?page_id=929\" class=\"more-link\">Read More<\/a><\/div>\n","protected":false},"author":2,"featured_media":0,"parent":0,"menu_order":0,"comment_status":"closed","ping_status":"closed","template":"","meta":{"footnotes":""},"class_list":["post-929","page","type-page","status-publish","hentry","no-post-thumbnail"],"_links":{"self":[{"href":"https:\/\/annenilseng.com\/index.php?rest_route=\/wp\/v2\/pages\/929","targetHints":{"allow":["GET"]}}],"collection":[{"href":"https:\/\/annenilseng.com\/index.php?rest_route=\/wp\/v2\/pages"}],"about":[{"href":"https:\/\/annenilseng.com\/index.php?rest_route=\/wp\/v2\/types\/page"}],"author":[{"embeddable":true,"href":"https:\/\/annenilseng.com\/index.php?rest_route=\/wp\/v2\/users\/2"}],"replies":[{"embeddable":true,"href":"https:\/\/annenilseng.com\/index.php?rest_route=%2Fwp%2Fv2%2Fcomments&post=929"}],"version-history":[{"count":26,"href":"https:\/\/annenilseng.com\/index.php?rest_route=\/wp\/v2\/pages\/929\/revisions"}],"predecessor-version":[{"id":1548,"href":"https:\/\/annenilseng.com\/index.php?rest_route=\/wp\/v2\/pages\/929\/revisions\/1548"}],"wp:attachment":[{"href":"https:\/\/annenilseng.com\/index.php?rest_route=%2Fwp%2Fv2%2Fmedia&parent=929"}],"curies":[{"name":"wp","href":"https:\/\/api.w.org\/{rel}","templated":true}]}}